{"id":67,"date":"2025-12-18T16:58:51","date_gmt":"2025-12-18T16:58:51","guid":{"rendered":"https:\/\/marcfriedrich.fr\/?page_id=67"},"modified":"2026-02-27T18:42:25","modified_gmt":"2026-02-27T18:42:25","slug":"accueil","status":"publish","type":"page","link":"https:\/\/marcfriedrich.fr\/","title":{"rendered":"Accueil"},"content":{"rendered":"\t\t<div data-elementor-type=\"wp-page\" data-elementor-id=\"67\" class=\"elementor elementor-67\" data-elementor-post-type=\"page\">\n\t\t\t\t<div class=\"elementor-element elementor-element-67fe18f e-flex e-con-boxed e-con e-parent\" data-id=\"67fe18f\" data-element_type=\"container\" data-e-type=\"container\">\n\t\t\t\t\t<div class=\"e-con-inner\">\n\t\t<div class=\"elementor-element elementor-element-51dd997 e-con-full e-flex e-con e-child\" data-id=\"51dd997\" data-element_type=\"container\" data-e-type=\"container\">\n\t\t\t\t<div class=\"elementor-element elementor-element-1d06803 elementor-widget elementor-widget-heading\" data-id=\"1d06803\" data-element_type=\"widget\" data-e-type=\"widget\" data-widget_type=\"heading.default\">\n\t\t\t\t\t<h1 class=\"elementor-heading-title elementor-size-default\">Ensemble, Continuons !<\/h1>\t\t\t\t<\/div>\n\t\t\t\t<div class=\"elementor-element elementor-element-4abfcc9 elementor-widget__width-inherit elementor-widget-mobile__width-initial elementor-widget elementor-widget-heading\" data-id=\"4abfcc9\" data-element_type=\"widget\" data-e-type=\"widget\" data-widget_type=\"heading.default\">\n\t\t\t\t\t<h3 class=\"elementor-heading-title elementor-size-default\">Municipales 2026 - Freyming-Merlebach <br>\nAvec le soutien de Pierre LANG, Maire sortant<\/h3>\t\t\t\t<\/div>\n\t\t\t\t<\/div>\n\t\t<div class=\"elementor-element elementor-element-ce2d37f e-con-full e-flex e-con e-child\" data-id=\"ce2d37f\" data-element_type=\"container\" data-e-type=\"container\">\n\t\t\t\t<div class=\"elementor-element elementor-element-58a986b elementor-countdown--label-block elementor-widget elementor-widget-countdown\" data-id=\"58a986b\" data-element_type=\"widget\" data-e-type=\"widget\" data-widget_type=\"countdown.default\">\n\t\t\t\t\t\t\t<div data-expire-actions=\"[{&quot;type&quot;:&quot;hide&quot;}]\" class=\"elementor-countdown-wrapper\" data-date=\"1773604800\">\n\t\t\t<div class=\"elementor-countdown-item\"><span class=\"elementor-countdown-digits elementor-countdown-days\"><\/span> <span class=\"elementor-countdown-label\">jours  avant le 1er Tour<\/span><\/div>\t\t<\/div>\n\t\t\t\t\t\t<\/div>\n\t\t\t\t<\/div>\n\t\t\t\t\t<\/div>\n\t\t\t\t<\/div>\n\t\t<div class=\"elementor-element elementor-element-b441174 e-flex e-con-boxed e-con e-parent\" data-id=\"b441174\" data-element_type=\"container\" data-e-type=\"container\">\n\t\t\t\t\t<div class=\"e-con-inner\">\n\t\t<div class=\"elementor-element elementor-element-0896f37 e-con-full e-flex e-con e-child\" data-id=\"0896f37\" data-element_type=\"container\" data-e-type=\"container\">\n\t\t\t\t<div class=\"elementor-element elementor-element-f82dbb0 elementor-widget elementor-widget-image\" data-id=\"f82dbb0\" data-element_type=\"widget\" data-e-type=\"widget\" data-widget_type=\"image.default\">\n\t\t\t\t\t\t\t\t\t\t\t\t\t\t\t<img decoding=\"async\" src=\"https:\/\/marcfriedrich.fr\/wp-content\/uploads\/elementor\/thumbs\/image-portrait-costume-gris-rj3u7kemtrim56soxr50t4xcln9y4bflszz8rjdazs.jpeg\" title=\"Marc Friedrich &#8211; Municipales 2026\" alt=\"Marc Friedrich - Municipales 2026\" loading=\"lazy\" \/>\t\t\t\t\t\t\t\t\t\t\t\t\t\t\t<\/div>\n\t\t\t\t<\/div>\n\t\t<div class=\"elementor-element elementor-element-059f18a e-con-full e-flex e-con e-child\" data-id=\"059f18a\" data-element_type=\"container\" data-e-type=\"container\">\n\t\t\t\t<div class=\"elementor-element elementor-element-e6a2556 elementor-widget elementor-widget-text-editor\" data-id=\"e6a2556\" data-element_type=\"widget\" data-e-type=\"widget\" data-widget_type=\"text-editor.default\">\n\t\t\t\t\t\t\t\t\t<h5>\u00a0<\/h5><h5 class=\"p2\">Ch\u00e8res Freyming-Merlebachoises,<br \/>Chers Freyming-Merlebachois,<\/h5><h5 class=\"p2\">Tout au long de ma carri\u00e8re professionnelle, et durant le mandat qui<br \/>s\u2019ach\u00e8ve, j\u2019ai toujours eu une priorit\u00e9 : servir Freyming-Merlebach.<\/h5><h5 class=\"p2\">Servir notre ville a \u00e9t\u00e9 chaque jour un honneur. Pouvoir continuer \u00e0<br \/>le faire serait pour moi un v\u00e9ritable privil\u00e8ge.<\/h5><h5 class=\"p2\">Aujourd\u2019hui, je me sens pr\u00eat. Pr\u00eat \u00e0 poursuivre cet engagement, pr\u00eat \u00e0 m\u2019investir encore davantage, pr\u00eat \u00e0 aller plus loin.<\/h5><h5 class=\"p2\">Avec mes colisti\u00e8res et colistiers, nous viendrons \u00e0 votre rencontre pour vous \u00e9couter. Vos pr\u00e9occupations, vos id\u00e9es et vos attentes comptent. Nous vous invitons \u00e9galement \u00e0 participer aux r\u00e9unions de quartier. Ces temps d\u2019\u00e9changes nous permettront de mieux nous conna\u00eetre et d\u2019orienter ensemble l\u2019avenir de notre ville.<\/h5><h5 class=\"p2\">Ensemble, faisons de Freyming-Merlebach une ville qui avance, une ville dont nous pouvons \u00eatre fiers. Une ville accueillante, o\u00f9 l\u2019on se sent bien, tout simplement. Une ville r\u00e9solument tourn\u00e9e vers l\u2019avenir, sans jamais oublier son identit\u00e9 et son \u00e2me<\/h5><h5>Marc Friedrich<\/h5>\t\t\t\t\t\t\t\t<\/div>\n\t\t\t\t<\/div>\n\t\t\t\t\t<\/div>\n\t\t\t\t<\/div>\n\t\t<div class=\"elementor-element elementor-element-9c73c48 e-flex e-con-boxed e-con e-parent\" data-id=\"9c73c48\" data-element_type=\"container\" data-e-type=\"container\">\n\t\t\t\t\t<div class=\"e-con-inner\">\n\t\t\t\t<div class=\"elementor-element elementor-element-eb21485 elementor-headline--style-highlight elementor-widget elementor-widget-animated-headline\" data-id=\"eb21485\" data-element_type=\"widget\" data-e-type=\"widget\" data-settings=\"{&quot;highlighted_text&quot;:&quot;\\u00ab Bien vivre \\u00e0 Freyming-Merlebach \\u00bb&quot;,&quot;headline_style&quot;:&quot;highlight&quot;,&quot;marker&quot;:&quot;circle&quot;,&quot;highlight_animation_duration&quot;:1200}\" data-widget_type=\"animated-headline.default\">\n\t\t\t\t\t\t\t<h2 class=\"elementor-headline\">\n\t\t\t\t<span class=\"elementor-headline-dynamic-wrapper elementor-headline-text-wrapper\">\n\t\t\t\t\t<span class=\"elementor-headline-dynamic-text elementor-headline-text-active\">\u00ab Bien vivre \u00e0 Freyming-Merlebach \u00bb<\/span>\n\t\t\t\t<\/span>\n\t\t\t\t\t<span class=\"elementor-headline-plain-text elementor-headline-text-wrapper\">doit rester notre objectif premier<\/span>\n\t\t\t\t\t<\/h2>\n\t\t\t\t\t\t<\/div>\n\t\t\t\t\t<\/div>\n\t\t\t\t<\/div>\n\t\t<div class=\"elementor-element elementor-element-6f4ac88 e-flex e-con-boxed e-con e-parent\" data-id=\"6f4ac88\" data-element_type=\"container\" data-e-type=\"container\">\n\t\t\t\t\t<div class=\"e-con-inner\">\n\t\t\t\t<div class=\"elementor-element elementor-element-0f16d04 elementor-widget__width-initial elementor-widget elementor-widget-text-editor\" data-id=\"0f16d04\" data-element_type=\"widget\" data-e-type=\"widget\" data-widget_type=\"text-editor.default\">\n\t\t\t\t\t\t\t\t\t<ul><li><strong>Des finances saines<\/strong> pour mieux pr\u00e9parer l&rsquo;avenir<\/li><li><b>Poursuivre les r\u00e9novations urbaines\u00a0 <\/b><b><\/b>afin de rendre nos quartiers plus agr\u00e9ables, plus modernes et plus accessibles.<\/li><li><b>Renforcer les effectifs de notre Police Municipale, <\/b>condition indispensable de la tranquillit\u00e9 et de la s\u00e9r\u00e9nit\u00e9 de chacun.<\/li><li><p class=\"p2\"><b>Am\u00e9liorer durablement notre cadre de vie <\/b><b><\/b>en cr\u00e9ant une police de l\u2019environnement d\u00e9di\u00e9e \u00e0 la protection et au respect de nos espaces.<\/p><\/li><li><b>Soutenir et valoriser nos associations, <\/b>v\u00e9ritables piliers de la vie sociale, culturelle et sportive de notre commune.<\/li><li><p class=\"p2\"><b>Lutter contre le d\u00e9sert m\u00e9dical <\/b><b><\/b>en soutenant l\u2019installation de professionnels de sant\u00e9 et en favorisant les nouvelles formes de soins.<\/p><\/li><li><strong>Honorer notre pass\u00e9 minier<\/strong> pour mieux avancer enselmble<\/li><\/ul>\t\t\t\t\t\t\t\t<\/div>\n\t\t<div class=\"elementor-element elementor-element-3c02b49 e-con-full e-flex e-con e-child\" data-id=\"3c02b49\" data-element_type=\"container\" data-e-type=\"container\">\n\t\t\t\t<div class=\"elementor-element elementor-element-ffdff83 elementor-widget__width-initial elementor-widget elementor-widget-video\" data-id=\"ffdff83\" data-element_type=\"widget\" data-e-type=\"widget\" data-settings=\"{&quot;youtube_url&quot;:&quot;https:\\\/\\\/youtu.be\\\/UhKVr04MZPk&quot;,&quot;autoplay&quot;:&quot;yes&quot;,&quot;play_on_mobile&quot;:&quot;yes&quot;,&quot;loop&quot;:&quot;yes&quot;,&quot;video_type&quot;:&quot;youtube&quot;}\" data-widget_type=\"video.default\">\n\t\t\t\t\t\t\t<div class=\"elementor-wrapper elementor-open-inline\">\n\t\t\t<div class=\"elementor-video\"><\/div>\t\t<\/div>\n\t\t\t\t\t\t<\/div>\n\t\t\t\t<\/div>\n\t\t\t\t\t<\/div>\n\t\t\t\t<\/div>\n\t\t<div class=\"elementor-element elementor-element-98c6e9f e-flex e-con-boxed e-con e-parent\" data-id=\"98c6e9f\" data-element_type=\"container\" data-e-type=\"container\">\n\t\t\t\t\t<div class=\"e-con-inner\">\n\t\t\t\t<div class=\"elementor-element elementor-element-1c46eae elementor-widget__width-initial elementor-widget-mobile__width-inherit elementor-widget elementor-widget-text-editor\" data-id=\"1c46eae\" data-element_type=\"widget\" data-e-type=\"widget\" data-widget_type=\"text-editor.default\">\n\t\t\t\t\t\t\t\t\t<h1>RENCONTRONS- NOUS !<\/h1><h3>REUNIONS PUBLIQUES<\/h3><h5><strong>Lundi 2 mars \u00e0 18:00<\/strong><br \/>R\u00e9sidence Sainte-Barbe, 2 Rue Basse<\/h5><h5>Mardi 3 mars \u00e0 18:00<br \/>R\u00e9sidence Soleil, 2 Rue d\u2019Orl\u00e9ans<\/h5><h5>Jeudi 5 mars \u00e0 18:00<br \/>Maison des Associations, 108 Avenue Raymond Poincar\u00e9<\/h5><h5>Vendredi 6 mars \u00e0 18:00<br \/>Espace Wieselstein, 1 Rue du Rocher<\/h5><h5>Lundi 9 mars \u00e0 18:00<br \/>Centre Social Chapelle, Place de Paris<\/h5><h5>Mardi 10 mars \u00e0 18:00<br \/>Foyer de Sainte Fontaine, 1 Rue de l\u2019\u00c9cole<\/h5><h5>Jeudi 12 mars \u00e0 18:00<br \/>M\u00e9diath\u00e8que, 21 Rue de la Croix<\/h5><div>\u00a0<\/div>\t\t\t\t\t\t\t\t<\/div>\n\t\t\t\t<div class=\"elementor-element elementor-element-aee8762 elementor-widget__width-initial elementor-widget-tablet__width-initial elementor-widget-mobile__width-inherit elementor-widget elementor-widget-facebook-page\" data-id=\"aee8762\" data-element_type=\"widget\" data-e-type=\"widget\" data-widget_type=\"facebook-page.default\">\n\t\t\t\t\t<div class=\"elementor-facebook-widget fb-page\" data-href=\"https:\/\/www.facebook.com\/MarcFriedrich2026\" data-tabs=\"timeline\" data-height=\"620px\" data-width=\"500px\" data-small-header=\"false\" data-hide-cover=\"false\" data-show-facepile=\"true\" data-hide-cta=\"false\" style=\"min-height: 1px;height:620px\"><\/div>\t\t\t\t<\/div>\n\t\t\t\t\t<\/div>\n\t\t\t\t<\/div>\n\t\t\t\t<\/div>\n\t\t","protected":false},"excerpt":{"rendered":"<p>Ensemble, Continuons ! Municipales 2026 &#8211; Freyming-Merlebach Avec le soutien de Pierre LANG, Maire sortant jours avant le 1er Tour [&hellip;]<\/p>\n","protected":false},"author":1,"featured_media":0,"parent":0,"menu_order":0,"comment_status":"closed","ping_status":"closed","template":"","meta":{"site-sidebar-layout":"no-sidebar","site-content-layout":"","ast-site-content-layout":"full-width-container","site-content-style":"default","site-sidebar-style":"default","ast-global-header-display":"","ast-banner-title-visibility":"","ast-main-header-display":"","ast-hfb-above-header-display":"","ast-hfb-below-header-display":"","ast-hfb-mobile-header-display":"","site-post-title":"disabled","ast-breadcrumbs-content":"","ast-featured-img":"disabled","footer-sml-layout":"disabled","ast-disable-related-posts":"","theme-transparent-header-meta":"disabled","adv-header-id-meta":"","stick-header-meta":"","header-above-stick-meta":"","header-main-stick-meta":"","header-below-stick-meta":"","astra-migrate-meta-layouts":"default","ast-page-background-enabled":"default","ast-page-background-meta":{"desktop":{"background-color":"var(--ast-global-color-5)","background-image":"","background-repeat":"repeat","background-position":"center center","background-size":"auto","background-attachment":"scroll","background-type":"","background-media":"","overlay-type":"","overlay-color":"","overlay-opacity":"","overlay-gradient":""},"tablet":{"background-color":"","background-image":"","background-repeat":"repeat","background-position":"center center","background-size":"auto","background-attachment":"scroll","background-type":"","background-media":"","overlay-type":"","overlay-color":"","overlay-opacity":"","overlay-gradient":""},"mobile":{"background-color":"","background-image":"","background-repeat":"repeat","background-position":"center center","background-size":"auto","background-attachment":"scroll","background-type":"","background-media":"","overlay-type":"","overlay-color":"","overlay-opacity":"","overlay-gradient":""}},"ast-content-background-meta":{"desktop":{"background-color":"var(--ast-global-color-4)","background-image":"","background-repeat":"repeat","background-position":"center center","background-size":"auto","background-attachment":"scroll","background-type":"","background-media":"","overlay-type":"","overlay-color":"","overlay-opacity":"","overlay-gradient":""},"tablet":{"background-color":"var(--ast-global-color-4)","background-image":"","background-repeat":"repeat","background-position":"center center","background-size":"auto","background-attachment":"scroll","background-type":"","background-media":"","overlay-type":"","overlay-color":"","overlay-opacity":"","overlay-gradient":""},"mobile":{"background-color":"var(--ast-global-color-4)","background-image":"","background-repeat":"repeat","background-position":"center center","background-size":"auto","background-attachment":"scroll","background-type":"","background-media":"","overlay-type":"","overlay-color":"","overlay-opacity":"","overlay-gradient":""}},"footnotes":""},"class_list":["post-67","page","type-page","status-publish","hentry"],"yoast_head":"<!-- This site is optimized with the Yoast SEO plugin v26.6 - https:\/\/yoast.com\/wordpress\/plugins\/seo\/ -->\n<title>Accueil - Marc Friedrich - Municipales 2026<\/title>\n<meta name=\"robots\" content=\"index, follow, max-snippet:-1, max-image-preview:large, max-video-preview:-1\" \/>\n<link rel=\"canonical\" href=\"https:\/\/marcfriedrich.fr\/\" \/>\n<meta property=\"og:locale\" content=\"fr_FR\" \/>\n<meta property=\"og:type\" content=\"article\" \/>\n<meta property=\"og:title\" content=\"Accueil - Marc Friedrich - Municipales 2026\" \/>\n<meta property=\"og:description\" content=\"Ensemble, Continuons ! Municipales 2026 &#8211; Freyming-Merlebach Avec le soutien de Pierre LANG, Maire sortant jours avant le 1er Tour [&hellip;]\" \/>\n<meta property=\"og:url\" content=\"https:\/\/marcfriedrich.fr\/\" \/>\n<meta property=\"og:site_name\" content=\"Marc Friedrich - Municipales 2026\" \/>\n<meta property=\"article:modified_time\" content=\"2026-02-27T18:42:25+00:00\" \/>\n<meta property=\"og:image\" content=\"https:\/\/marcfriedrich.fr\/wp-content\/uploads\/elementor\/thumbs\/image-portrait-costume-gris-rj3u7kemtrim56soxr50t4xcln9y4bflszz8rjdazs.jpeg\" \/>\n<meta name=\"twitter:card\" content=\"summary_large_image\" \/>\n<meta name=\"twitter:label1\" content=\"Dur\u00e9e de lecture estim\u00e9e\" \/>\n\t<meta name=\"twitter:data1\" content=\"2 minutes\" \/>\n<script type=\"application\/ld+json\" class=\"yoast-schema-graph\">{\"@context\":\"https:\/\/schema.org\",\"@graph\":[{\"@type\":\"WebPage\",\"@id\":\"https:\/\/marcfriedrich.fr\/\",\"url\":\"https:\/\/marcfriedrich.fr\/\",\"name\":\"Accueil - Marc Friedrich - Municipales 2026\",\"isPartOf\":{\"@id\":\"https:\/\/marcfriedrich.fr\/#website\"},\"primaryImageOfPage\":{\"@id\":\"https:\/\/marcfriedrich.fr\/#primaryimage\"},\"image\":{\"@id\":\"https:\/\/marcfriedrich.fr\/#primaryimage\"},\"thumbnailUrl\":\"https:\/\/marcfriedrich.fr\/wp-content\/uploads\/elementor\/thumbs\/image-portrait-costume-gris-rj3u7kemtrim56soxr50t4xcln9y4bflszz8rjdazs.jpeg\",\"datePublished\":\"2025-12-18T16:58:51+00:00\",\"dateModified\":\"2026-02-27T18:42:25+00:00\",\"breadcrumb\":{\"@id\":\"https:\/\/marcfriedrich.fr\/#breadcrumb\"},\"inLanguage\":\"fr-FR\",\"potentialAction\":[{\"@type\":\"ReadAction\",\"target\":[\"https:\/\/marcfriedrich.fr\/\"]}]},{\"@type\":\"ImageObject\",\"inLanguage\":\"fr-FR\",\"@id\":\"https:\/\/marcfriedrich.fr\/#primaryimage\",\"url\":\"https:\/\/marcfriedrich.fr\/wp-content\/uploads\/elementor\/thumbs\/image-portrait-costume-gris-rj3u7kemtrim56soxr50t4xcln9y4bflszz8rjdazs.jpeg\",\"contentUrl\":\"https:\/\/marcfriedrich.fr\/wp-content\/uploads\/elementor\/thumbs\/image-portrait-costume-gris-rj3u7kemtrim56soxr50t4xcln9y4bflszz8rjdazs.jpeg\"},{\"@type\":\"BreadcrumbList\",\"@id\":\"https:\/\/marcfriedrich.fr\/#breadcrumb\",\"itemListElement\":[{\"@type\":\"ListItem\",\"position\":1,\"name\":\"Accueil\",\"item\":\"https:\/\/marcfriedrich.fr\/\"},{\"@type\":\"ListItem\",\"position\":2,\"name\":\"Accueil\"}]},{\"@type\":\"WebSite\",\"@id\":\"https:\/\/marcfriedrich.fr\/#website\",\"url\":\"https:\/\/marcfriedrich.fr\/\",\"name\":\"Marc Friedrich - Municipales 2026\",\"description\":\"Page officielle de Marc Friedrich - Candidat aux \u00e9lections municipales \u00e0 Freyming-Merlebach (57800)\",\"potentialAction\":[{\"@type\":\"SearchAction\",\"target\":{\"@type\":\"EntryPoint\",\"urlTemplate\":\"https:\/\/marcfriedrich.fr\/?s={search_term_string}\"},\"query-input\":{\"@type\":\"PropertyValueSpecification\",\"valueRequired\":true,\"valueName\":\"search_term_string\"}}],\"inLanguage\":\"fr-FR\"}]}<\/script>\n<!-- \/ Yoast SEO plugin. -->","yoast_head_json":{"title":"Accueil - Marc Friedrich - Municipales 2026","robots":{"index":"index","follow":"follow","max-snippet":"max-snippet:-1","max-image-preview":"max-image-preview:large","max-video-preview":"max-video-preview:-1"},"canonical":"https:\/\/marcfriedrich.fr\/","og_locale":"fr_FR","og_type":"article","og_title":"Accueil - Marc Friedrich - Municipales 2026","og_description":"Ensemble, Continuons ! Municipales 2026 &#8211; Freyming-Merlebach Avec le soutien de Pierre LANG, Maire sortant jours avant le 1er Tour [&hellip;]","og_url":"https:\/\/marcfriedrich.fr\/","og_site_name":"Marc Friedrich - Municipales 2026","article_modified_time":"2026-02-27T18:42:25+00:00","og_image":[{"url":"https:\/\/marcfriedrich.fr\/wp-content\/uploads\/elementor\/thumbs\/image-portrait-costume-gris-rj3u7kemtrim56soxr50t4xcln9y4bflszz8rjdazs.jpeg","type":"","width":"","height":""}],"twitter_card":"summary_large_image","twitter_misc":{"Dur\u00e9e de lecture estim\u00e9e":"2 minutes"},"schema":{"@context":"https:\/\/schema.org","@graph":[{"@type":"WebPage","@id":"https:\/\/marcfriedrich.fr\/","url":"https:\/\/marcfriedrich.fr\/","name":"Accueil - Marc Friedrich - Municipales 2026","isPartOf":{"@id":"https:\/\/marcfriedrich.fr\/#website"},"primaryImageOfPage":{"@id":"https:\/\/marcfriedrich.fr\/#primaryimage"},"image":{"@id":"https:\/\/marcfriedrich.fr\/#primaryimage"},"thumbnailUrl":"https:\/\/marcfriedrich.fr\/wp-content\/uploads\/elementor\/thumbs\/image-portrait-costume-gris-rj3u7kemtrim56soxr50t4xcln9y4bflszz8rjdazs.jpeg","datePublished":"2025-12-18T16:58:51+00:00","dateModified":"2026-02-27T18:42:25+00:00","breadcrumb":{"@id":"https:\/\/marcfriedrich.fr\/#breadcrumb"},"inLanguage":"fr-FR","potentialAction":[{"@type":"ReadAction","target":["https:\/\/marcfriedrich.fr\/"]}]},{"@type":"ImageObject","inLanguage":"fr-FR","@id":"https:\/\/marcfriedrich.fr\/#primaryimage","url":"https:\/\/marcfriedrich.fr\/wp-content\/uploads\/elementor\/thumbs\/image-portrait-costume-gris-rj3u7kemtrim56soxr50t4xcln9y4bflszz8rjdazs.jpeg","contentUrl":"https:\/\/marcfriedrich.fr\/wp-content\/uploads\/elementor\/thumbs\/image-portrait-costume-gris-rj3u7kemtrim56soxr50t4xcln9y4bflszz8rjdazs.jpeg"},{"@type":"BreadcrumbList","@id":"https:\/\/marcfriedrich.fr\/#breadcrumb","itemListElement":[{"@type":"ListItem","position":1,"name":"Accueil","item":"https:\/\/marcfriedrich.fr\/"},{"@type":"ListItem","position":2,"name":"Accueil"}]},{"@type":"WebSite","@id":"https:\/\/marcfriedrich.fr\/#website","url":"https:\/\/marcfriedrich.fr\/","name":"Marc Friedrich - Municipales 2026","description":"Page officielle de Marc Friedrich - Candidat aux \u00e9lections municipales \u00e0 Freyming-Merlebach (57800)","potentialAction":[{"@type":"SearchAction","target":{"@type":"EntryPoint","urlTemplate":"https:\/\/marcfriedrich.fr\/?s={search_term_string}"},"query-input":{"@type":"PropertyValueSpecification","valueRequired":true,"valueName":"search_term_string"}}],"inLanguage":"fr-FR"}]}},"_links":{"self":[{"href":"https:\/\/marcfriedrich.fr\/index.php?rest_route=\/wp\/v2\/pages\/67","targetHints":{"allow":["GET"]}}],"collection":[{"href":"https:\/\/marcfriedrich.fr\/index.php?rest_route=\/wp\/v2\/pages"}],"about":[{"href":"https:\/\/marcfriedrich.fr\/index.php?rest_route=\/wp\/v2\/types\/page"}],"author":[{"embeddable":true,"href":"https:\/\/marcfriedrich.fr\/index.php?rest_route=\/wp\/v2\/users\/1"}],"replies":[{"embeddable":true,"href":"https:\/\/marcfriedrich.fr\/index.php?rest_route=%2Fwp%2Fv2%2Fcomments&post=67"}],"version-history":[{"count":98,"href":"https:\/\/marcfriedrich.fr\/index.php?rest_route=\/wp\/v2\/pages\/67\/revisions"}],"predecessor-version":[{"id":201,"href":"https:\/\/marcfriedrich.fr\/index.php?rest_route=\/wp\/v2\/pages\/67\/revisions\/201"}],"wp:attachment":[{"href":"https:\/\/marcfriedrich.fr\/index.php?rest_route=%2Fwp%2Fv2%2Fmedia&parent=67"}],"curies":[{"name":"wp","href":"https:\/\/api.w.org\/{rel}","templated":true}]}}